{"id":36,"date":"2023-09-03T12:55:54","date_gmt":"2023-09-03T10:55:54","guid":{"rendered":"http:\/\/test.apartament-miedzywodzie.pl\/?page_id=36"},"modified":"2023-09-03T12:55:55","modified_gmt":"2023-09-03T10:55:55","slug":"witamy","status":"publish","type":"page","link":"http:\/\/test.apartament-miedzywodzie.pl\/","title":{"rendered":"Witamy"},"content":{"rendered":"\n<p>Serdecznie witamy na naszej witrynie, gdzie pragniemy przedstawi\u0107 Pa\u0144stwu mo\u017cliwo\u015b\u0107 sp\u0119dzenia niezapomnianego urlopu w luksusowym Apartamencie Ella.<\/p>\n\n\n\n<p>Nasz gustownie urz\u0105dzony i nowocze\u015bnie wyposa\u017cony apartament, po\u0142o\u017cony zaledwie 150 m od pla\u017cy, w cichej i spokojnej okolicy blisko centrum Mi\u0119dzywodzia jest idealnym miejscem na wypoczynek rodzinny jak i w gronie przyjaci\u00f3\u0142.<\/p>\n\n\n\n<p>Dok\u0142adamy wszelkich stara\u0144, aby nasi Go\u015bcie mogli czu\u0107 si\u0119 komfortowo podczas pobytu.<\/p>\n\n\n\n<p>Zapraszamy do szczeg\u00f3\u0142owego zapoznania si\u0119 z ofert\u0105.<\/p>\n","protected":false},"excerpt":{"rendered":"<p>Serdecznie witamy na naszej witrynie, gdzie pragniemy przedstawi\u0107 Pa\u0144stwu mo\u017cliwo\u015b\u0107 sp\u0119dzenia niezapomnianego urlopu w luksusowym Apartamencie Ella. Nasz gustownie urz\u0105dzony i nowocze\u015bnie wyposa\u017cony apartament, po\u0142o\u017cony zaledwie 150 m od pla\u017cy, w cichej i spokojnej okolicy blisko centrum Mi\u0119dzywodzia jest idealnym miejscem na wypoczynek rodzinny jak i w gronie przyjaci\u00f3\u0142. Dok\u0142adamy wszelkich stara\u0144, aby nasi Go\u015bcie <a class=\"read-more\" href=\"http:\/\/test.apartament-miedzywodzie.pl\/\">READ MORE<\/a><\/p>\n","protected":false},"author":1,"featured_media":0,"parent":0,"menu_order":0,"comment_status":"closed","ping_status":"closed","template":"","meta":{"footnotes":""},"class_list":["post-36","page","type-page","status-publish","hentry"],"_links":{"self":[{"href":"https:\/\/test.apartament-miedzywodzie.pl\/index.php\/wp-json\/wp\/v2\/pages\/36","targetHints":{"allow":["GET"]}}],"collection":[{"href":"https:\/\/test.apartament-miedzywodzie.pl\/index.php\/wp-json\/wp\/v2\/pages"}],"about":[{"href":"https:\/\/test.apartament-miedzywodzie.pl\/index.php\/wp-json\/wp\/v2\/types\/page"}],"author":[{"embeddable":true,"href":"https:\/\/test.apartament-miedzywodzie.pl\/index.php\/wp-json\/wp\/v2\/users\/1"}],"replies":[{"embeddable":true,"href":"https:\/\/test.apartament-miedzywodzie.pl\/index.php\/wp-json\/wp\/v2\/comments?post=36"}],"version-history":[{"count":1,"href":"https:\/\/test.apartament-miedzywodzie.pl\/index.php\/wp-json\/wp\/v2\/pages\/36\/revisions"}],"predecessor-version":[{"id":37,"href":"https:\/\/test.apartament-miedzywodzie.pl\/index.php\/wp-json\/wp\/v2\/pages\/36\/revisions\/37"}],"wp:attachment":[{"href":"https:\/\/test.apartament-miedzywodzie.pl\/index.php\/wp-json\/wp\/v2\/media?parent=36"}],"curies":[{"name":"wp","href":"https:\/\/api.w.org\/{rel}","templated":true}]}}